{"id":8,"date":"2023-04-22T22:10:32","date_gmt":"2023-04-22T20:10:32","guid":{"rendered":"https:\/\/filir.digital-adviser.eu\/?page_id=8"},"modified":"2025-05-21T18:55:46","modified_gmt":"2025-05-21T16:55:46","slug":"naslovna","status":"publish","type":"page","link":"https:\/\/filir.hr\/en\/","title":{"rendered":"Home"},"content":{"rendered":"<div data-elementor-type=\"wp-page\" data-elementor-id=\"8\" class=\"elementor elementor-8\" data-elementor-post-type=\"page\">\n\t\t\t\t\t\t<section class=\"elementor-section elementor-top-section elementor-element elementor-element-399dc4c elementor-section-boxed elementor-section-height-default elementor-section-height-default\" data-id=\"399dc4c\" data-element_type=\"section\" data-settings=\"{&quot;background_background&quot;:&quot;classic&quot;}\">\n\t\t\t\t\t\t\t<div class=\"elementor-background-overlay\"><\/div>\n\t\t\t\t\t\t\t<div class=\"elementor-container elementor-column-gap-default\">\n\t\t\t\t\t<div class=\"elementor-column elementor-col-100 elementor-top-column elementor-element elementor-element-b2214d3\" data-id=\"b2214d3\" data-element_type=\"column\">\n\t\t\t<div class=\"elementor-widget-wrap elementor-element-populated\">\n\t\t\t\t\t\t<div class=\"elementor-element elementor-element-3c3dca9 elementor-widget elementor-widget-heading\" data-id=\"3c3dca9\" data-element_type=\"widget\" data-widget_type=\"heading.default\">\n\t\t\t\t<div class=\"elementor-widget-container\">\n\t\t\t\t\t<h2 class=\"elementor-heading-title elementor-size-default\">IMPORT, REPRESENTATION, AND DISTRIBUTION OF RENOWNED DOMESTIC AND FOREIGN BRANDS!<\/h2>\t\t\t\t<\/div>\n\t\t\t\t<\/div>\n\t\t\t\t\t<\/div>\n\t\t<\/div>\n\t\t\t\t\t<\/div>\n\t\t<\/section>\n\t\t\t\t<section class=\"elementor-section elementor-top-section elementor-element elementor-element-249886a0 elementor-section-full_width elementor-section-height-default elementor-section-height-default\" data-id=\"249886a0\" data-element_type=\"section\" data-settings=\"{&quot;background_background&quot;:&quot;classic&quot;}\">\n\t\t\t\t\t\t<div class=\"elementor-container elementor-column-gap-default\">\n\t\t\t\t\t<div class=\"elementor-column elementor-col-100 elementor-top-column elementor-element elementor-element-41a5bc9\" data-id=\"41a5bc9\" data-element_type=\"column\">\n\t\t\t<div class=\"elementor-widget-wrap elementor-element-populated\">\n\t\t\t\t\t\t<div class=\"elementor-element elementor-element-56729f5 elementor-position-left elementor-vertical-align-middle elementor-invisible elementor-widget elementor-widget-image-box\" data-id=\"56729f5\" data-element_type=\"widget\" data-settings=\"{&quot;_animation&quot;:&quot;fadeInUp&quot;,&quot;_animation_delay&quot;:400}\" data-widget_type=\"image-box.default\">\n\t\t\t\t<div class=\"elementor-widget-container\">\n\t\t\t\t\t<div class=\"elementor-image-box-wrapper\"><figure class=\"elementor-image-box-img\"><img decoding=\"async\" width=\"82\" height=\"87\" src=\"https:\/\/filir.hr\/wp-content\/uploads\/2025\/01\/ikon1-e1738062728234.png\" class=\"attachment-full size-full wp-image-600\" alt=\"\" \/><\/figure><div class=\"elementor-image-box-content\"><p class=\"elementor-image-box-description\">Over 30 years of experience in distributing various brands in the food and non-food categories. We are continuously growing and developing alongside our partners.<\/p><\/div><\/div>\t\t\t\t<\/div>\n\t\t\t\t<\/div>\n\t\t\t\t<div class=\"elementor-element elementor-element-ea82478 elementor-position-left elementor-vertical-align-middle elementor-invisible elementor-widget elementor-widget-image-box\" data-id=\"ea82478\" data-element_type=\"widget\" data-settings=\"{&quot;_animation&quot;:&quot;fadeInUp&quot;,&quot;_animation_delay&quot;:400}\" data-widget_type=\"image-box.default\">\n\t\t\t\t<div class=\"elementor-widget-container\">\n\t\t\t\t\t<div class=\"elementor-image-box-wrapper\"><figure class=\"elementor-image-box-img\"><img decoding=\"async\" width=\"84\" height=\"87\" src=\"https:\/\/filir.hr\/wp-content\/uploads\/2025\/01\/ikon2-e1738062756370.png\" class=\"attachment-full size-full wp-image-599\" alt=\"\" \/><\/figure><div class=\"elementor-image-box-content\"><p class=\"elementor-image-box-description\">A trusted partner for prompt and reliable delivery to every retail location of our customers.<\/p><\/div><\/div>\t\t\t\t<\/div>\n\t\t\t\t<\/div>\n\t\t\t\t\t<\/div>\n\t\t<\/div>\n\t\t\t\t\t<\/div>\n\t\t<\/section>\n\t\t\t\t<section class=\"elementor-section elementor-top-section elementor-element elementor-element-d6fc534 elementor-section-full_width elementor-section-height-default elementor-section-height-default\" data-id=\"d6fc534\" data-element_type=\"section\" data-settings=\"{&quot;background_background&quot;:&quot;classic&quot;}\">\n\t\t\t\t\t\t<div class=\"elementor-container elementor-column-gap-default\">\n\t\t\t\t\t<div class=\"elementor-column elementor-col-50 elementor-top-column elementor-element elementor-element-280d192\" data-id=\"280d192\" data-element_type=\"column\">\n\t\t\t<div class=\"elementor-widget-wrap elementor-element-populated\">\n\t\t\t\t\t\t<div class=\"elementor-element elementor-element-541df0d elementor-widget elementor-widget-image\" data-id=\"541df0d\" data-element_type=\"widget\" data-settings=\"{&quot;motion_fx_motion_fx_scrolling&quot;:&quot;yes&quot;,&quot;motion_fx_translateY_effect&quot;:&quot;yes&quot;,&quot;motion_fx_translateY_speed&quot;:{&quot;unit&quot;:&quot;px&quot;,&quot;size&quot;:0.90000000000000002220446049250313080847263336181640625,&quot;sizes&quot;:[]},&quot;motion_fx_translateY_affectedRange&quot;:{&quot;unit&quot;:&quot;%&quot;,&quot;size&quot;:&quot;&quot;,&quot;sizes&quot;:{&quot;start&quot;:0,&quot;end&quot;:100}},&quot;motion_fx_devices&quot;:[&quot;desktop&quot;,&quot;tablet&quot;,&quot;mobile&quot;]}\" data-widget_type=\"image.default\">\n\t\t\t\t<div class=\"elementor-widget-container\">\n\t\t\t\t\t\t\t\t\t\t\t\t\t\t\t<img fetchpriority=\"high\" decoding=\"async\" width=\"1024\" height=\"681\" src=\"https:\/\/filir.hr\/wp-content\/uploads\/2025\/05\/NASLOVNA-dolje-uz-tekst-dr.odgovornost-1024x681.jpg\" class=\"attachment-large size-large wp-image-1040\" alt=\"\" srcset=\"https:\/\/filir.hr\/wp-content\/uploads\/2025\/05\/NASLOVNA-dolje-uz-tekst-dr.odgovornost-1024x681.jpg 1024w, https:\/\/filir.hr\/wp-content\/uploads\/2025\/05\/NASLOVNA-dolje-uz-tekst-dr.odgovornost-300x200.jpg 300w, https:\/\/filir.hr\/wp-content\/uploads\/2025\/05\/NASLOVNA-dolje-uz-tekst-dr.odgovornost-768x511.jpg 768w, https:\/\/filir.hr\/wp-content\/uploads\/2025\/05\/NASLOVNA-dolje-uz-tekst-dr.odgovornost-1536x1022.jpg 1536w, https:\/\/filir.hr\/wp-content\/uploads\/2025\/05\/NASLOVNA-dolje-uz-tekst-dr.odgovornost-18x12.jpg 18w, https:\/\/filir.hr\/wp-content\/uploads\/2025\/05\/NASLOVNA-dolje-uz-tekst-dr.odgovornost.jpg 2000w\" sizes=\"(max-width: 1024px) 100vw, 1024px\" \/>\t\t\t\t\t\t\t\t\t\t\t\t\t\t\t<\/div>\n\t\t\t\t<\/div>\n\t\t\t\t\t<\/div>\n\t\t<\/div>\n\t\t\t\t<div class=\"elementor-column elementor-col-50 elementor-top-column elementor-element elementor-element-cbd6ce8\" data-id=\"cbd6ce8\" data-element_type=\"column\">\n\t\t\t<div class=\"elementor-widget-wrap elementor-element-populated\">\n\t\t\t\t\t\t<div class=\"elementor-element elementor-element-0275a63 elementor-widget elementor-widget-heading\" data-id=\"0275a63\" data-element_type=\"widget\" data-widget_type=\"heading.default\">\n\t\t\t\t<div class=\"elementor-widget-container\">\n\t\t\t\t\t<h2 class=\"elementor-heading-title elementor-size-default\">SOCIAL RESPONSIBILITY <\/h2>\t\t\t\t<\/div>\n\t\t\t\t<\/div>\n\t\t\t\t<div class=\"elementor-element elementor-element-6704a75 elementor-invisible elementor-widget elementor-widget-text-editor\" data-id=\"6704a75\" data-element_type=\"widget\" data-settings=\"{&quot;_animation&quot;:&quot;fadeInUp&quot;,&quot;_animation_delay&quot;:400}\" data-widget_type=\"text-editor.default\">\n\t\t\t\t<div class=\"elementor-widget-container\">\n\t\t\t\t\t\t\t\t\t<p>In our company, we believe that success is not only measured by business results but also by how we contribute to the community and the environment in which we operate. Social responsibility is not just our goal; it is a core value that guides us in our everyday work. We are aware that our success is inseparable from the success of the community we belong to. That\u2019s why we actively participate in various initiatives that enhance the quality of life for those around us. Whether it\u2019s supporting local organizations, schools, or healthcare institutions, our doors are always open for collaboration. One of the ways we fulfill our social responsibility is through donations and sponsorships. Over the years, we became a trusted partner to many charity organizations, sports clubs, cultural events, and educational institutions. Our goal is to empower those working to build a better society.<\/p>\t\t\t\t\t\t\t\t<\/div>\n\t\t\t\t<\/div>\n\t\t\t\t\t<\/div>\n\t\t<\/div>\n\t\t\t\t\t<\/div>\n\t\t<\/section>\n\t\t\t\t<\/div>","protected":false},"excerpt":{"rendered":"<p>UVOZ, ZASTUPANJE I DISTRIBUCIJA RENOMIRANIH DOMA\u0106IH I STRANIH BRENDOVA! Preko 30 godina iskustva u distribuciji raznih brendova u kategorijama prehrane i neprehrane. Kontinuirano rastemo i razvijamo se zajedno s na\u0161im partnerima. Pouzdani partner za pravovremenu i kvalitetnu opskrbu svakog prodajnog mjesta na\u0161ih kupaca. DRU\u0160TVENA ODGOVORNOST U na\u0161oj tvrtci vjerujemo da uspjeh nije samo u poslovnim [&hellip;]<\/p>","protected":false},"author":1,"featured_media":0,"parent":0,"menu_order":0,"comment_status":"closed","ping_status":"closed","template":"elementor_header_footer","meta":{"footnotes":""},"class_list":["post-8","page","type-page","status-publish","hentry","entry"],"_links":{"self":[{"href":"https:\/\/filir.hr\/en\/wp-json\/wp\/v2\/pages\/8","targetHints":{"allow":["GET"]}}],"collection":[{"href":"https:\/\/filir.hr\/en\/wp-json\/wp\/v2\/pages"}],"about":[{"href":"https:\/\/filir.hr\/en\/wp-json\/wp\/v2\/types\/page"}],"author":[{"embeddable":true,"href":"https:\/\/filir.hr\/en\/wp-json\/wp\/v2\/users\/1"}],"replies":[{"embeddable":true,"href":"https:\/\/filir.hr\/en\/wp-json\/wp\/v2\/comments?post=8"}],"version-history":[{"count":157,"href":"https:\/\/filir.hr\/en\/wp-json\/wp\/v2\/pages\/8\/revisions"}],"predecessor-version":[{"id":1070,"href":"https:\/\/filir.hr\/en\/wp-json\/wp\/v2\/pages\/8\/revisions\/1070"}],"wp:attachment":[{"href":"https:\/\/filir.hr\/en\/wp-json\/wp\/v2\/media?parent=8"}],"curies":[{"name":"wp","href":"https:\/\/api.w.org\/{rel}","templated":true}]}}