{"id":6,"date":"2023-04-22T22:10:56","date_gmt":"2023-04-22T20:10:56","guid":{"rendered":"https:\/\/filir.digital-adviser.eu\/?page_id=6"},"modified":"2025-05-29T11:25:11","modified_gmt":"2025-05-29T09:25:11","slug":"o-nama","status":"publish","type":"page","link":"https:\/\/filir.hr\/en\/o-nama\/","title":{"rendered":"About Us"},"content":{"rendered":"\t\t<div data-elementor-type=\"wp-page\" data-elementor-id=\"6\" class=\"elementor elementor-6\" data-elementor-post-type=\"page\">\n\t\t\t\t\t\t<section class=\"elementor-section elementor-top-section elementor-element elementor-element-5939251 elementor-section-boxed elementor-section-height-default elementor-section-height-default\" data-id=\"5939251\" data-element_type=\"section\" data-e-type=\"section\" data-settings=\"{&quot;background_background&quot;:&quot;slideshow&quot;,&quot;background_slideshow_gallery&quot;:[{&quot;id&quot;:1047,&quot;url&quot;:&quot;https:\\\/\\\/filir.hr\\\/wp-content\\\/uploads\\\/2025\\\/05\\\/O-NAMA-slideshow-1.jpg&quot;},{&quot;id&quot;:1048,&quot;url&quot;:&quot;https:\\\/\\\/filir.hr\\\/wp-content\\\/uploads\\\/2025\\\/05\\\/O-NAMA-slideshow-2.jpg&quot;},{&quot;id&quot;:1049,&quot;url&quot;:&quot;https:\\\/\\\/filir.hr\\\/wp-content\\\/uploads\\\/2025\\\/05\\\/O-NAMA-slideshow-3.jpg&quot;}],&quot;background_slideshow_slide_duration&quot;:2500,&quot;background_slideshow_transition_duration&quot;:2000,&quot;background_slideshow_loop&quot;:&quot;yes&quot;,&quot;background_slideshow_slide_transition&quot;:&quot;fade&quot;}\">\n\t\t\t\t\t\t\t<div class=\"elementor-background-overlay\"><\/div>\n\t\t\t\t\t\t\t<div class=\"elementor-container elementor-column-gap-default\">\n\t\t\t\t\t<div class=\"elementor-column elementor-col-100 elementor-top-column elementor-element elementor-element-6ab8731\" data-id=\"6ab8731\" data-element_type=\"column\" data-e-type=\"column\">\n\t\t\t<div class=\"elementor-widget-wrap elementor-element-populated\">\n\t\t\t\t\t\t<div class=\"elementor-element elementor-element-4fe62ef elementor-widget elementor-widget-heading\" data-id=\"4fe62ef\" data-element_type=\"widget\" data-e-type=\"widget\" data-widget_type=\"heading.default\">\n\t\t\t\t<div class=\"elementor-widget-container\">\n\t\t\t\t\t<h2 class=\"elementor-heading-title elementor-size-default\">O NAMA<\/h2>\t\t\t\t<\/div>\n\t\t\t\t<\/div>\n\t\t\t\t\t<\/div>\n\t\t<\/div>\n\t\t\t\t\t<\/div>\n\t\t<\/section>\n\t\t\t\t<section class=\"elementor-section elementor-top-section elementor-element elementor-element-4bdcb0d elementor-section-content-bottom elementor-reverse-tablet iskustvo elementor-section-boxed elementor-section-height-default elementor-section-height-default\" data-id=\"4bdcb0d\" data-element_type=\"section\" data-e-type=\"section\" data-settings=\"{&quot;background_background&quot;:&quot;classic&quot;}\">\n\t\t\t\t\t\t<div class=\"elementor-container elementor-column-gap-no\">\n\t\t\t\t\t<div class=\"elementor-column elementor-col-100 elementor-top-column elementor-element elementor-element-ca99d86\" data-id=\"ca99d86\" data-element_type=\"column\" data-e-type=\"column\" data-settings=\"{&quot;background_background&quot;:&quot;classic&quot;}\">\n\t\t\t<div class=\"elementor-widget-wrap elementor-element-populated\">\n\t\t\t\t\t\t<div class=\"elementor-element elementor-element-c0e6aa5 elementor-position-inline-start elementor-mobile-position-inline-start elementor-view-stacked elementor-shape-circle elementor-invisible elementor-widget elementor-widget-icon-box\" data-id=\"c0e6aa5\" data-element_type=\"widget\" data-e-type=\"widget\" data-settings=\"{&quot;_animation&quot;:&quot;fadeInUp&quot;,&quot;_animation_delay&quot;:400}\" data-widget_type=\"icon-box.default\">\n\t\t\t\t<div class=\"elementor-widget-container\">\n\t\t\t\t\t\t\t<div class=\"elementor-icon-box-wrapper\">\n\n\t\t\t\t\t\t<div class=\"elementor-icon-box-icon\">\n\t\t\t\t<span  class=\"elementor-icon\">\n\t\t\t\t<i aria-hidden=\"true\" class=\"fas fa-circle\"><\/i>\t\t\t\t<\/span>\n\t\t\t<\/div>\n\t\t\t\n\t\t\t\t\t\t<div class=\"elementor-icon-box-content\">\n\n\t\t\t\t\n\t\t\t\t\t\t\t\t\t<p class=\"elementor-icon-box-description\">\n\t\t\t\t\t\tFilir d.o.o. osnovan je 11. prosinca 2000. godine u Vukovaru te preuzima distribuciju  ve\u0107 postoje\u0107e distribucijske tvrtke Dicentra d.o.o., s ciljem nastavka poslovanja koje se uspje\u0161no razvija jo\u0161 od 1994. godine. Primarna djelatnost tvrtke je uvoz, zastupanje i distribucija doma\u0107ih i stranih brandova na hrvatskom tr\u017ei\u0161tu.\t\t\t\t\t<\/p>\n\t\t\t\t\n\t\t\t<\/div>\n\t\t\t\n\t\t<\/div>\n\t\t\t\t\t\t<\/div>\n\t\t\t\t<\/div>\n\t\t\t\t<div class=\"elementor-element elementor-element-d0e1ed7 elementor-position-inline-start elementor-mobile-position-inline-start elementor-view-stacked elementor-shape-circle elementor-invisible elementor-widget elementor-widget-icon-box\" data-id=\"d0e1ed7\" data-element_type=\"widget\" data-e-type=\"widget\" data-settings=\"{&quot;_animation&quot;:&quot;fadeInUp&quot;,&quot;_animation_delay&quot;:400}\" data-widget_type=\"icon-box.default\">\n\t\t\t\t<div class=\"elementor-widget-container\">\n\t\t\t\t\t\t\t<div class=\"elementor-icon-box-wrapper\">\n\n\t\t\t\t\t\t<div class=\"elementor-icon-box-icon\">\n\t\t\t\t<span  class=\"elementor-icon\">\n\t\t\t\t<i aria-hidden=\"true\" class=\"fas fa-circle\"><\/i>\t\t\t\t<\/span>\n\t\t\t<\/div>\n\t\t\t\n\t\t\t\t\t\t<div class=\"elementor-icon-box-content\">\n\n\t\t\t\t\n\t\t\t\t\t\t\t\t\t<p class=\"elementor-icon-box-description\">\n\t\t\t\t\t\tZa postoje\u0107e i budu\u0107e partnere, predstavljamo pouzdan izbor. Na\u0161 uspjeh temelji se na kvalitetnom radu i tradiciji, ali i na prilagodbi tr\u017ei\u0161nim promjenama te potrebama na\u0161ih kupaca i dobavlja\u010da. Dugoro\u010dni napredak i razvoj na\u0161ih usluga osiguravaju konkurentnost na tr\u017ei\u0161tu i poslovni rast.\t\t\t\t\t<\/p>\n\t\t\t\t\n\t\t\t<\/div>\n\t\t\t\n\t\t<\/div>\n\t\t\t\t\t\t<\/div>\n\t\t\t\t<\/div>\n\t\t\t\t<div class=\"elementor-element elementor-element-e5a51c8 elementor-position-inline-start elementor-mobile-position-inline-start elementor-view-stacked elementor-shape-circle elementor-invisible elementor-widget elementor-widget-icon-box\" data-id=\"e5a51c8\" data-element_type=\"widget\" data-e-type=\"widget\" data-settings=\"{&quot;_animation&quot;:&quot;fadeInUp&quot;,&quot;_animation_delay&quot;:400}\" data-widget_type=\"icon-box.default\">\n\t\t\t\t<div class=\"elementor-widget-container\">\n\t\t\t\t\t\t\t<div class=\"elementor-icon-box-wrapper\">\n\n\t\t\t\t\t\t<div class=\"elementor-icon-box-icon\">\n\t\t\t\t<span  class=\"elementor-icon\">\n\t\t\t\t<i aria-hidden=\"true\" class=\"fas fa-circle\"><\/i>\t\t\t\t<\/span>\n\t\t\t<\/div>\n\t\t\t\n\t\t\t\t\t\t<div class=\"elementor-icon-box-content\">\n\n\t\t\t\t\n\t\t\t\t\t\t\t\t\t<p class=\"elementor-icon-box-description\">\n\t\t\t\t\t\tPo\u0161tuju\u0107i temeljne vrijednosti i na\u010dela poslovanja, partnerima pru\u017eamo sigurnu i pouzdanu uslugu, stvaraju\u0107i pritom nove vrijednosti kroz odr\u017eivo poslovanje.\t\t\t\t\t<\/p>\n\t\t\t\t\n\t\t\t<\/div>\n\t\t\t\n\t\t<\/div>\n\t\t\t\t\t\t<\/div>\n\t\t\t\t<\/div>\n\t\t\t\t\t<\/div>\n\t\t<\/div>\n\t\t\t\t\t<\/div>\n\t\t<\/section>\n\t\t\t\t<section class=\"elementor-section elementor-top-section elementor-element elementor-element-1cf075ad elementor-section-height-min-height elementor-section-items-stretch elementor-section-content-middle elementor-section-boxed elementor-section-height-default\" data-id=\"1cf075ad\" data-element_type=\"section\" data-e-type=\"section\" data-settings=\"{&quot;background_background&quot;:&quot;classic&quot;,&quot;background_motion_fx_motion_fx_scrolling&quot;:&quot;yes&quot;,&quot;background_motion_fx_translateY_effect&quot;:&quot;yes&quot;,&quot;background_motion_fx_translateY_direction&quot;:&quot;negative&quot;,&quot;background_motion_fx_translateY_speed&quot;:{&quot;unit&quot;:&quot;px&quot;,&quot;size&quot;:3,&quot;sizes&quot;:[]},&quot;background_motion_fx_translateY_affectedRange&quot;:{&quot;unit&quot;:&quot;%&quot;,&quot;size&quot;:&quot;&quot;,&quot;sizes&quot;:{&quot;start&quot;:0,&quot;end&quot;:51}},&quot;background_motion_fx_devices&quot;:[&quot;desktop&quot;,&quot;tablet&quot;,&quot;mobile&quot;]}\">\n\t\t\t\t\t\t<div class=\"elementor-container elementor-column-gap-no\">\n\t\t\t\t\t<div class=\"elementor-column elementor-col-100 elementor-top-column elementor-element elementor-element-7aa5b008\" data-id=\"7aa5b008\" data-element_type=\"column\" data-e-type=\"column\" data-settings=\"{&quot;background_background&quot;:&quot;classic&quot;}\">\n\t\t\t<div class=\"elementor-widget-wrap elementor-element-populated\">\n\t\t\t\t\t\t<div class=\"elementor-element elementor-element-5ef44e8 elementor-hidden-desktop elementor-widget elementor-widget-image\" data-id=\"5ef44e8\" data-element_type=\"widget\" data-e-type=\"widget\" data-widget_type=\"image.default\">\n\t\t\t\t<div class=\"elementor-widget-container\">\n\t\t\t\t\t\t\t\t\t\t\t\t\t\t\t<img fetchpriority=\"high\" decoding=\"async\" width=\"1024\" height=\"681\" src=\"https:\/\/filir.hr\/wp-content\/uploads\/2025\/05\/PROIZVODI-I-DISTRIBUCIJA-zamjena-za-ruke-1024x681.jpg\" class=\"attachment-large size-large wp-image-1038\" alt=\"\" srcset=\"https:\/\/filir.hr\/wp-content\/uploads\/2025\/05\/PROIZVODI-I-DISTRIBUCIJA-zamjena-za-ruke-1024x681.jpg 1024w, https:\/\/filir.hr\/wp-content\/uploads\/2025\/05\/PROIZVODI-I-DISTRIBUCIJA-zamjena-za-ruke-300x200.jpg 300w, https:\/\/filir.hr\/wp-content\/uploads\/2025\/05\/PROIZVODI-I-DISTRIBUCIJA-zamjena-za-ruke-768x511.jpg 768w, https:\/\/filir.hr\/wp-content\/uploads\/2025\/05\/PROIZVODI-I-DISTRIBUCIJA-zamjena-za-ruke-1536x1022.jpg 1536w, https:\/\/filir.hr\/wp-content\/uploads\/2025\/05\/PROIZVODI-I-DISTRIBUCIJA-zamjena-za-ruke-18x12.jpg 18w, https:\/\/filir.hr\/wp-content\/uploads\/2025\/05\/PROIZVODI-I-DISTRIBUCIJA-zamjena-za-ruke.jpg 2000w\" sizes=\"(max-width: 1024px) 100vw, 1024px\" \/>\t\t\t\t\t\t\t\t\t\t\t\t\t\t\t<\/div>\n\t\t\t\t<\/div>\n\t\t\t\t<div class=\"elementor-element elementor-element-e7d28b5 elementor-position-inline-start elementor-mobile-position-inline-start elementor-view-stacked elementor-shape-circle elementor-invisible elementor-widget elementor-widget-icon-box\" data-id=\"e7d28b5\" data-element_type=\"widget\" data-e-type=\"widget\" data-settings=\"{&quot;_animation&quot;:&quot;fadeInUp&quot;,&quot;_animation_delay&quot;:400}\" data-widget_type=\"icon-box.default\">\n\t\t\t\t<div class=\"elementor-widget-container\">\n\t\t\t\t\t\t\t<div class=\"elementor-icon-box-wrapper\">\n\n\t\t\t\t\t\t<div class=\"elementor-icon-box-icon\">\n\t\t\t\t<span  class=\"elementor-icon\">\n\t\t\t\t<i aria-hidden=\"true\" class=\"fas fa-circle\"><\/i>\t\t\t\t<\/span>\n\t\t\t<\/div>\n\t\t\t\n\t\t\t\t\t\t<div class=\"elementor-icon-box-content\">\n\n\t\t\t\t\n\t\t\t\t\t\t\t\t\t<p class=\"elementor-icon-box-description\">\n\t\t\t\t\t\tTe\u017eimo stvaranju dugoro\u010dnih partnerstava koja su utemeljena na povjerenju, odr\u017eivosti i zajedni\u010dkom uspjehu.\t\t\t\t\t<\/p>\n\t\t\t\t\n\t\t\t<\/div>\n\t\t\t\n\t\t<\/div>\n\t\t\t\t\t\t<\/div>\n\t\t\t\t<\/div>\n\t\t\t\t<div class=\"elementor-element elementor-element-108638b elementor-position-inline-start elementor-mobile-position-inline-start elementor-view-stacked elementor-shape-circle elementor-invisible elementor-widget elementor-widget-icon-box\" data-id=\"108638b\" data-element_type=\"widget\" data-e-type=\"widget\" data-settings=\"{&quot;_animation&quot;:&quot;fadeInUp&quot;,&quot;_animation_delay&quot;:400}\" data-widget_type=\"icon-box.default\">\n\t\t\t\t<div class=\"elementor-widget-container\">\n\t\t\t\t\t\t\t<div class=\"elementor-icon-box-wrapper\">\n\n\t\t\t\t\t\t<div class=\"elementor-icon-box-icon\">\n\t\t\t\t<span  class=\"elementor-icon\">\n\t\t\t\t<i aria-hidden=\"true\" class=\"fas fa-circle\"><\/i>\t\t\t\t<\/span>\n\t\t\t<\/div>\n\t\t\t\n\t\t\t\t\t\t<div class=\"elementor-icon-box-content\">\n\n\t\t\t\t\n\t\t\t\t\t\t\t\t\t<p class=\"elementor-icon-box-description\">\n\t\t\t\t\t\tUz kontinuirani razvoj poslovnih procesa i ulaganje u nove tehnologije, nastojimo biti predvodnici u postavljanju standarda kvalitete i odgovornog poslovanja. Na\u0161a je ambicija oblikovati budu\u0107nost trgovine kroz odr\u017eiva rje\u0161enja koja donose korist na\u0161im partnerima, kupcima i zajednici.\t\t\t\t\t<\/p>\n\t\t\t\t\n\t\t\t<\/div>\n\t\t\t\n\t\t<\/div>\n\t\t\t\t\t\t<\/div>\n\t\t\t\t<\/div>\n\t\t\t\t<div class=\"elementor-element elementor-element-7035e6b elementor-position-inline-start elementor-mobile-position-inline-start elementor-view-stacked elementor-shape-circle elementor-invisible elementor-widget elementor-widget-icon-box\" data-id=\"7035e6b\" data-element_type=\"widget\" data-e-type=\"widget\" data-settings=\"{&quot;_animation&quot;:&quot;fadeInUp&quot;,&quot;_animation_delay&quot;:400}\" data-widget_type=\"icon-box.default\">\n\t\t\t\t<div class=\"elementor-widget-container\">\n\t\t\t\t\t\t\t<div class=\"elementor-icon-box-wrapper\">\n\n\t\t\t\t\t\t<div class=\"elementor-icon-box-icon\">\n\t\t\t\t<span  class=\"elementor-icon\">\n\t\t\t\t<i aria-hidden=\"true\" class=\"fas fa-circle\"><\/i>\t\t\t\t<\/span>\n\t\t\t<\/div>\n\t\t\t\n\t\t\t\t\t\t<div class=\"elementor-icon-box-content\">\n\n\t\t\t\t\n\t\t\t\t\t\t\t\t\t<p class=\"elementor-icon-box-description\">\n\t\t\t\t\t\tPreuzimanje branda i proizvodne linije Bobi Snacks dogodilo se u svibnju 2014. godine, \u010dime je Filir dodatno u\u010dvrstio svoju poziciju na tr\u017ei\u0161tu snack proizvoda.\t\t\t\t\t<\/p>\n\t\t\t\t\n\t\t\t<\/div>\n\t\t\t\n\t\t<\/div>\n\t\t\t\t\t\t<\/div>\n\t\t\t\t<\/div>\n\t\t\t\t<div class=\"elementor-element elementor-element-1caa5dc elementor-position-inline-start elementor-mobile-position-inline-start elementor-view-stacked elementor-shape-circle elementor-invisible elementor-widget elementor-widget-icon-box\" data-id=\"1caa5dc\" data-element_type=\"widget\" data-e-type=\"widget\" data-settings=\"{&quot;_animation&quot;:&quot;fadeInUp&quot;,&quot;_animation_delay&quot;:400}\" data-widget_type=\"icon-box.default\">\n\t\t\t\t<div class=\"elementor-widget-container\">\n\t\t\t\t\t\t\t<div class=\"elementor-icon-box-wrapper\">\n\n\t\t\t\t\t\t<div class=\"elementor-icon-box-icon\">\n\t\t\t\t<span  class=\"elementor-icon\">\n\t\t\t\t<i aria-hidden=\"true\" class=\"fas fa-circle\"><\/i>\t\t\t\t<\/span>\n\t\t\t<\/div>\n\t\t\t\n\t\t\t\t\t\t<div class=\"elementor-icon-box-content\">\n\n\t\t\t\t\n\t\t\t\t\t\t\t\t\t<p class=\"elementor-icon-box-description\">\n\t\t\t\t\t\tOvim preuzimanjem, Bobi Snacks je dobio priliku pro\u0161iriti asortiman i unaprijediti kvalitetu proizvoda, koriste\u0107i iskustvo i resurse koje Filir donosi. \t\t\t\t\t<\/p>\n\t\t\t\t\n\t\t\t<\/div>\n\t\t\t\n\t\t<\/div>\n\t\t\t\t\t\t<\/div>\n\t\t\t\t<\/div>\n\t\t\t\t\t<\/div>\n\t\t<\/div>\n\t\t\t\t\t<\/div>\n\t\t<\/section>\n\t\t\t\t<\/div>\n\t\t","protected":false},"excerpt":{"rendered":"<p>O NAMA Filir d.o.o. osnovan je 11. prosinca 2000. godine u Vukovaru te preuzima distribuciju ve\u0107 postoje\u0107e distribucijske tvrtke Dicentra d.o.o., s ciljem nastavka poslovanja koje se uspje\u0161no razvija jo\u0161 od 1994. godine. Primarna djelatnost tvrtke je uvoz, zastupanje i distribucija doma\u0107ih i stranih brandova na hrvatskom tr\u017ei\u0161tu. Za postoje\u0107e i budu\u0107e partnere, predstavljamo pouzdan [&hellip;]<\/p>\n","protected":false},"author":1,"featured_media":0,"parent":0,"menu_order":0,"comment_status":"closed","ping_status":"closed","template":"elementor_header_footer","meta":{"footnotes":""},"class_list":["post-6","page","type-page","status-publish","hentry","entry"],"_links":{"self":[{"href":"https:\/\/filir.hr\/en\/wp-json\/wp\/v2\/pages\/6","targetHints":{"allow":["GET"]}}],"collection":[{"href":"https:\/\/filir.hr\/en\/wp-json\/wp\/v2\/pages"}],"about":[{"href":"https:\/\/filir.hr\/en\/wp-json\/wp\/v2\/types\/page"}],"author":[{"embeddable":true,"href":"https:\/\/filir.hr\/en\/wp-json\/wp\/v2\/users\/1"}],"replies":[{"embeddable":true,"href":"https:\/\/filir.hr\/en\/wp-json\/wp\/v2\/comments?post=6"}],"version-history":[{"count":115,"href":"https:\/\/filir.hr\/en\/wp-json\/wp\/v2\/pages\/6\/revisions"}],"predecessor-version":[{"id":1162,"href":"https:\/\/filir.hr\/en\/wp-json\/wp\/v2\/pages\/6\/revisions\/1162"}],"wp:attachment":[{"href":"https:\/\/filir.hr\/en\/wp-json\/wp\/v2\/media?parent=6"}],"curies":[{"name":"wp","href":"https:\/\/api.w.org\/{rel}","templated":true}]}}